{"id":12229,"date":"2024-03-30T07:39:23","date_gmt":"2024-03-30T07:39:23","guid":{"rendered":"https:\/\/atc-trade.com\/vizualizacije\/"},"modified":"2025-12-01T18:46:48","modified_gmt":"2025-12-01T18:46:48","slug":"vizualizacije","status":"publish","type":"page","link":"https:\/\/atc-trade.com\/de\/vizualizacije\/","title":{"rendered":"Visualisierungen"},"content":{"rendered":"\t\t<div data-elementor-type=\"wp-page\" data-elementor-id=\"12229\" class=\"elementor elementor-12229 elementor-4915\">\n\t\t\t\t\t\t<section class=\"elementor-section elementor-top-section elementor-element elementor-element-b9a1901 elementor-reverse-tablet elementor-reverse-mobile_extra elementor-reverse-mobile elementor-hidden-tablet_extra elementor-hidden-tablet elementor-hidden-mobile_extra elementor-hidden-mobile elementor-section-boxed elementor-section-height-default elementor-section-height-default\" data-id=\"b9a1901\" data-element_type=\"section\" data-settings=\"{&quot;wdt_bg_image&quot;:{&quot;url&quot;:&quot;&quot;,&quot;id&quot;:&quot;&quot;,&quot;size&quot;:&quot;&quot;},&quot;wdt_bg_image_laptop&quot;:{&quot;url&quot;:&quot;&quot;,&quot;id&quot;:&quot;&quot;,&quot;size&quot;:&quot;&quot;},&quot;wdt_bg_image_tablet_extra&quot;:{&quot;url&quot;:&quot;&quot;,&quot;id&quot;:&quot;&quot;,&quot;size&quot;:&quot;&quot;},&quot;wdt_bg_image_tablet&quot;:{&quot;url&quot;:&quot;&quot;,&quot;id&quot;:&quot;&quot;,&quot;size&quot;:&quot;&quot;},&quot;wdt_bg_image_mobile_extra&quot;:{&quot;url&quot;:&quot;&quot;,&quot;id&quot;:&quot;&quot;,&quot;size&quot;:&quot;&quot;},&quot;wdt_bg_image_mobile&quot;:{&quot;url&quot;:&quot;&quot;,&quot;id&quot;:&quot;&quot;,&quot;size&quot;:&quot;&quot;},&quot;wdt_bg_position&quot;:&quot;center center&quot;,&quot;wdt_animation_effect&quot;:&quot;none&quot;}\">\n\t\t\t\t\t\t<div class=\"elementor-container elementor-column-gap-no\">\n\t\t\t\t\t<div class=\"elementor-column elementor-col-50 elementor-top-column elementor-element elementor-element-a2580d3\" data-id=\"a2580d3\" data-element_type=\"column\">\n\t\t\t<div class=\"elementor-widget-wrap elementor-element-populated\">\n\t\t\t\t\t\t<div class=\"elementor-element elementor-element-5e906a8 elementor-invisible elementor-widget elementor-widget-wdt-heading\" data-id=\"5e906a8\" data-element_type=\"widget\" data-settings=\"{&quot;_animation&quot;:&quot;fadeInLeft&quot;,&quot;title_vertical_align&quot;:&quot;center&quot;,&quot;subtitle_vertical_align&quot;:&quot;center&quot;,&quot;wdt_animation_effect&quot;:&quot;none&quot;}\" data-widget_type=\"wdt-heading.default\">\n\t\t\t\t<div class=\"elementor-widget-container\">\n\t\t\t\t\t<div class=\"wdt-heading-holder \" id=\"wdt-heading-5e906a8\"><h2 class=\"wdt-heading-title-wrapper wdt-heading-align-center wdt-heading-deco-wrapper\"><span class=\"wdt-heading-title\">Visualisierungen<\/span><\/h2><\/div>\t\t\t\t<\/div>\n\t\t\t\t<\/div>\n\t\t\t\t<div class=\"elementor-element elementor-element-cd4a2c6 elementor-widget-tablet__width-initial elementor-widget__width-initial elementor-widget-laptop__width-inherit animated-fast elementor-invisible elementor-widget elementor-widget-wdt-heading\" data-id=\"cd4a2c6\" data-element_type=\"widget\" data-settings=\"{&quot;_animation&quot;:&quot;fadeInLeft&quot;,&quot;_animation_delay&quot;:&quot;100&quot;,&quot;title_vertical_align&quot;:&quot;center&quot;,&quot;subtitle_vertical_align&quot;:&quot;center&quot;,&quot;wdt_animation_effect&quot;:&quot;none&quot;}\" data-widget_type=\"wdt-heading.default\">\n\t\t\t\t<div class=\"elementor-widget-container\">\n\t\t\t\t\t<div class=\"wdt-heading-holder \" id=\"wdt-heading-cd4a2c6\"><div class=\"wdt-heading-content-wrapper\">Die Visualisierungen vermitteln einen realistischen Eindruck des zuk\u00fcnftigen Projekts \u2013 von moderner Architektur und gestalteten Gr\u00fcnfl\u00e4chen bis hin zu sorgf\u00e4ltig geplanten Terrassen und Parkpl\u00e4tzen.<br\/><br\/>\n\nDurch 3D-Darstellungen k\u00f6nnen Sie sich vorab einen ersten Eindruck verschaffen und die Atmosph\u00e4re, \u00c4sthetik und den Lebensstil erleben, der Sie in unseren Wohnungen in Valdebek erwartet. Sehen Sie, wie Ihr neues Zuhause aussehen wird \u2013 von innen und von au\u00dfen.. <br\/><br\/>\n\nModerne Wohnungen in ruhiger Umgebung. Die R\u00e4ume sind sorgf\u00e4ltig gestaltet, um maximale Praktikabilit\u00e4t und Komfort zu vereinen. Hier kaufen Sie nicht nur Quadratmeter \u2013 sondern ein Zuhause, \u00fcber das Sie uneingeschr\u00e4nkt jederzeit verf\u00fcgen k\u00f6nnen.\n<\/div><\/div>\t\t\t\t<\/div>\n\t\t\t\t<\/div>\n\t\t\t\t\t<\/div>\n\t\t<\/div>\n\t\t\t\t<div class=\"wdt-sticky-column elementor-column elementor-col-50 elementor-top-column elementor-element elementor-element-ba836fa\" data-wdt-settings=\"{&quot;id&quot;:&quot;ba836fa&quot;,&quot;sticky&quot;:true,&quot;topSpacing&quot;:50,&quot;bottomSpacing&quot;:50,&quot;stickyOn&quot;:[&quot;desktop&quot;,&quot;laptop&quot;,&quot;tablet_extra&quot;],&quot;overflowHidden&quot;:false}\" data-id=\"ba836fa\" data-element_type=\"column\">\n\t\t\t<div class=\"elementor-widget-wrap elementor-element-populated\">\n\t\t\t\t\t\t<section class=\"elementor-section elementor-inner-section elementor-element elementor-element-bafb8f7 elementor-section-full_width elementor-section-height-default elementor-section-height-default\" data-id=\"bafb8f7\" data-element_type=\"section\" data-settings=\"{&quot;wdt_bg_image&quot;:{&quot;url&quot;:&quot;&quot;,&quot;id&quot;:&quot;&quot;,&quot;size&quot;:&quot;&quot;},&quot;wdt_bg_image_laptop&quot;:{&quot;url&quot;:&quot;&quot;,&quot;id&quot;:&quot;&quot;,&quot;size&quot;:&quot;&quot;},&quot;wdt_bg_image_tablet_extra&quot;:{&quot;url&quot;:&quot;&quot;,&quot;id&quot;:&quot;&quot;,&quot;size&quot;:&quot;&quot;},&quot;wdt_bg_image_tablet&quot;:{&quot;url&quot;:&quot;&quot;,&quot;id&quot;:&quot;&quot;,&quot;size&quot;:&quot;&quot;},&quot;wdt_bg_image_mobile_extra&quot;:{&quot;url&quot;:&quot;&quot;,&quot;id&quot;:&quot;&quot;,&quot;size&quot;:&quot;&quot;},&quot;wdt_bg_image_mobile&quot;:{&quot;url&quot;:&quot;&quot;,&quot;id&quot;:&quot;&quot;,&quot;size&quot;:&quot;&quot;},&quot;wdt_bg_position&quot;:&quot;center center&quot;,&quot;wdt_animation_effect&quot;:&quot;none&quot;}\">\n\t\t\t\t\t\t<div class=\"elementor-container elementor-column-gap-no\">\n\t\t\t\t\t<div class=\"elementor-column elementor-col-100 elementor-inner-column elementor-element elementor-element-2f93925\" data-id=\"2f93925\" data-element_type=\"column\">\n\t\t\t<div class=\"elementor-widget-wrap elementor-element-populated\">\n\t\t\t\t\t\t<div class=\"elementor-element elementor-element-54456b8 animated-fast elementor-invisible elementor-widget elementor-widget-image\" data-id=\"54456b8\" data-element_type=\"widget\" data-settings=\"{&quot;_animation&quot;:&quot;fadeInDown&quot;,&quot;wdt_animation_effect&quot;:&quot;none&quot;}\" data-widget_type=\"image.default\">\n\t\t\t\t\t\t\t\t\t\t\t\t\t\t\t<img fetchpriority=\"high\" decoding=\"async\" width=\"1980\" height=\"1092\" src=\"https:\/\/atc-trade.com\/wp-content\/uploads\/2025\/10\/ATC-trade-prodaja-stanova-direktno-od-investitora-Valdebek.jpeg\" class=\"attachment-full size-full wp-image-12122\" alt=\"ATC-trade prodaja stanova direktno od investitora - Valdebek\" srcset=\"https:\/\/atc-trade.com\/wp-content\/uploads\/2025\/10\/ATC-trade-prodaja-stanova-direktno-od-investitora-Valdebek.jpeg 1980w, https:\/\/atc-trade.com\/wp-content\/uploads\/2025\/10\/ATC-trade-prodaja-stanova-direktno-od-investitora-Valdebek-300x165.jpeg 300w, https:\/\/atc-trade.com\/wp-content\/uploads\/2025\/10\/ATC-trade-prodaja-stanova-direktno-od-investitora-Valdebek-1024x565.jpeg 1024w, https:\/\/atc-trade.com\/wp-content\/uploads\/2025\/10\/ATC-trade-prodaja-stanova-direktno-od-investitora-Valdebek-768x424.jpeg 768w, https:\/\/atc-trade.com\/wp-content\/uploads\/2025\/10\/ATC-trade-prodaja-stanova-direktno-od-investitora-Valdebek-1536x847.jpeg 1536w\" sizes=\"(max-width: 1980px) 100vw, 1980px\" \/>\t\t\t\t\t\t\t\t\t\t\t\t\t\t\t<\/div>\n\t\t\t\t\t<\/div>\n\t\t<\/div>\n\t\t\t\t\t<\/div>\n\t\t<\/section>\n\t\t\t\t\t<\/div>\n\t\t<\/div>\n\t\t\t\t\t<\/div>\n\t\t<\/section>\n\t\t\t\t<section class=\"elementor-section elementor-top-section elementor-element elementor-element-afc8536 elementor-reverse-tablet elementor-reverse-mobile_extra elementor-reverse-mobile elementor-hidden-desktop elementor-hidden-laptop elementor-section-boxed elementor-section-height-default elementor-section-height-default\" data-id=\"afc8536\" data-element_type=\"section\" data-settings=\"{&quot;wdt_bg_image&quot;:{&quot;url&quot;:&quot;&quot;,&quot;id&quot;:&quot;&quot;,&quot;size&quot;:&quot;&quot;},&quot;wdt_bg_image_laptop&quot;:{&quot;url&quot;:&quot;&quot;,&quot;id&quot;:&quot;&quot;,&quot;size&quot;:&quot;&quot;},&quot;wdt_bg_image_tablet_extra&quot;:{&quot;url&quot;:&quot;&quot;,&quot;id&quot;:&quot;&quot;,&quot;size&quot;:&quot;&quot;},&quot;wdt_bg_image_tablet&quot;:{&quot;url&quot;:&quot;&quot;,&quot;id&quot;:&quot;&quot;,&quot;size&quot;:&quot;&quot;},&quot;wdt_bg_image_mobile_extra&quot;:{&quot;url&quot;:&quot;&quot;,&quot;id&quot;:&quot;&quot;,&quot;size&quot;:&quot;&quot;},&quot;wdt_bg_image_mobile&quot;:{&quot;url&quot;:&quot;&quot;,&quot;id&quot;:&quot;&quot;,&quot;size&quot;:&quot;&quot;},&quot;wdt_bg_position&quot;:&quot;center center&quot;,&quot;wdt_animation_effect&quot;:&quot;none&quot;}\">\n\t\t\t\t\t\t<div class=\"elementor-container elementor-column-gap-no\">\n\t\t\t\t\t<div class=\"elementor-column elementor-col-100 elementor-top-column elementor-element elementor-element-badce50\" data-id=\"badce50\" data-element_type=\"column\">\n\t\t\t<div class=\"elementor-widget-wrap elementor-element-populated\">\n\t\t\t\t\t\t<div class=\"elementor-element elementor-element-c0f3250 elementor-invisible elementor-widget elementor-widget-wdt-heading\" data-id=\"c0f3250\" data-element_type=\"widget\" data-settings=\"{&quot;_animation&quot;:&quot;fadeInLeft&quot;,&quot;title_vertical_align&quot;:&quot;center&quot;,&quot;subtitle_vertical_align&quot;:&quot;center&quot;,&quot;wdt_animation_effect&quot;:&quot;none&quot;}\" data-widget_type=\"wdt-heading.default\">\n\t\t\t\t<div class=\"elementor-widget-container\">\n\t\t\t\t\t<div class=\"wdt-heading-holder \" id=\"wdt-heading-c0f3250\"><h2 class=\"wdt-heading-title-wrapper wdt-heading-align-center wdt-heading-deco-wrapper\"><span class=\"wdt-heading-title\">Visualisierungen<\/span><\/h2><\/div>\t\t\t\t<\/div>\n\t\t\t\t<\/div>\n\t\t\t\t<div class=\"elementor-element elementor-element-61435fd animated-fast elementor-invisible elementor-widget elementor-widget-image\" data-id=\"61435fd\" data-element_type=\"widget\" data-settings=\"{&quot;_animation&quot;:&quot;fadeInDown&quot;,&quot;wdt_animation_effect&quot;:&quot;none&quot;}\" data-widget_type=\"image.default\">\n\t\t\t\t\t\t\t\t\t\t\t\t\t\t\t<img fetchpriority=\"high\" decoding=\"async\" width=\"1980\" height=\"1092\" src=\"https:\/\/atc-trade.com\/wp-content\/uploads\/2025\/10\/ATC-trade-prodaja-stanova-direktno-od-investitora-Valdebek.jpeg\" class=\"attachment-full size-full wp-image-12122\" alt=\"ATC-trade prodaja stanova direktno od investitora - Valdebek\" srcset=\"https:\/\/atc-trade.com\/wp-content\/uploads\/2025\/10\/ATC-trade-prodaja-stanova-direktno-od-investitora-Valdebek.jpeg 1980w, https:\/\/atc-trade.com\/wp-content\/uploads\/2025\/10\/ATC-trade-prodaja-stanova-direktno-od-investitora-Valdebek-300x165.jpeg 300w, https:\/\/atc-trade.com\/wp-content\/uploads\/2025\/10\/ATC-trade-prodaja-stanova-direktno-od-investitora-Valdebek-1024x565.jpeg 1024w, https:\/\/atc-trade.com\/wp-content\/uploads\/2025\/10\/ATC-trade-prodaja-stanova-direktno-od-investitora-Valdebek-768x424.jpeg 768w, https:\/\/atc-trade.com\/wp-content\/uploads\/2025\/10\/ATC-trade-prodaja-stanova-direktno-od-investitora-Valdebek-1536x847.jpeg 1536w\" sizes=\"(max-width: 1980px) 100vw, 1980px\" \/>\t\t\t\t\t\t\t\t\t\t\t\t\t\t\t<\/div>\n\t\t\t\t<div class=\"elementor-element elementor-element-8b02a43 elementor-widget-tablet__width-initial elementor-widget__width-initial elementor-widget-laptop__width-inherit animated-fast elementor-invisible elementor-widget elementor-widget-wdt-heading\" data-id=\"8b02a43\" data-element_type=\"widget\" data-settings=\"{&quot;_animation&quot;:&quot;fadeInLeft&quot;,&quot;_animation_delay&quot;:&quot;100&quot;,&quot;title_vertical_align&quot;:&quot;center&quot;,&quot;subtitle_vertical_align&quot;:&quot;center&quot;,&quot;wdt_animation_effect&quot;:&quot;none&quot;}\" data-widget_type=\"wdt-heading.default\">\n\t\t\t\t<div class=\"elementor-widget-container\">\n\t\t\t\t\t<div class=\"wdt-heading-holder \" id=\"wdt-heading-8b02a43\"><div class=\"wdt-heading-content-wrapper\">Die Visualisierungen vermitteln einen realistischen Eindruck des zuk\u00fcnftigen Projekts \u2013 von moderner Architektur und gestalteten Gr\u00fcnfl\u00e4chen bis hin zu sorgf\u00e4ltig geplanten Terrassen und Parkpl\u00e4tzen.\n\n\nDurch 3D-Darstellungen k\u00f6nnen Sie sich vorab einen ersten Eindruck verschaffen und die Atmosph\u00e4re, \u00c4sthetik und den Lebensstil erleben, der Sie in unseren Wohnungen in Valdebek erwartet. Sehen Sie, wie Ihr neues Zuhause aussehen wird \u2013 von innen und von au\u00dfen.\n\n\nModerne Wohnungen in ruhiger Umgebung. Die R\u00e4ume sind sorgf\u00e4ltig gestaltet, um maximale Praktikabilit\u00e4t und Komfort zu vereinen. Hier kaufen Sie nicht nur Quadratmeter \u2013 sondern ein Zuhause, \u00fcber das Sie uneingeschr\u00e4nkt jederzeit verf\u00fcgen k\u00f6nnen.\n<\/div><\/div>\t\t\t\t<\/div>\n\t\t\t\t<\/div>\n\t\t\t\t\t<\/div>\n\t\t<\/div>\n\t\t\t\t\t<\/div>\n\t\t<\/section>\n\t\t<div class=\"elementor-element elementor-element-a00ef58 e-flex e-con-boxed e-con e-parent\" data-id=\"a00ef58\" data-element_type=\"container\">\n\t\t\t\t\t<div class=\"e-con-inner\">\n\t\t\t\t<div class=\"elementor-element elementor-element-0f9052c gallery-spacing-custom elementor-widget elementor-widget-image-gallery\" data-id=\"0f9052c\" data-element_type=\"widget\" data-settings=\"{&quot;wdt_animation_effect&quot;:&quot;none&quot;}\" data-widget_type=\"image-gallery.default\">\n\t\t\t\t\t\t\t<div class=\"elementor-image-gallery\">\n\t\t\t\t\t<\/div>\n\t\t\t\t\t\t<\/div>\n\t\t\t\t\t<\/div>\n\t\t\t\t<\/div>\n\t\t\t\t<\/div>\n\t\t","protected":false},"excerpt":{"rendered":"<p>Visualisierungen Die Visualisierungen vermitteln einen realistischen Eindruck des zuk\u00fcnftigen Projekts \u2013 von moderner Architektur und gestalteten Gr\u00fcnfl\u00e4chen bis hin zu sorgf\u00e4ltig geplanten Terrassen und Parkpl\u00e4tzen. Durch 3D-Darstellungen k\u00f6nnen Sie sich vorab einen ersten Eindruck verschaffen und die Atmosph\u00e4re, \u00c4sthetik und den Lebensstil erleben, der Sie in unseren Wohnungen in Valdebek erwartet. Sehen Sie, wie Ihr [&hellip;]<\/p>\n","protected":false},"author":2,"featured_media":0,"parent":0,"menu_order":0,"comment_status":"closed","ping_status":"closed","template":"elementor_header_footer","meta":{"footnotes":""},"class_list":["post-12229","page","type-page","status-publish","hentry"],"yoast_head":"<!-- This site is optimized with the Yoast SEO Premium plugin v26.0 (Yoast SEO v26.0) - https:\/\/yoast.com\/wordpress\/plugins\/seo\/ -->\n<title>Visualisierungen - TorkretPLUS<\/title>\n<meta name=\"description\" content=\"Die Visualisierungen vermitteln einen realistischen Eindruck des zuk\u00fcnftigen Projekts \u2013 von moderner Architektur und gestalteten Gr\u00fcnfl\u00e4chen\" \/>\n<meta name=\"robots\" content=\"index, follow, max-snippet:-1, max-image-preview:large, max-video-preview:-1\" \/>\n<link rel=\"canonical\" href=\"https:\/\/atc-trade.com\/de\/vizualizacije\/\" \/>\n<meta property=\"og:locale\" content=\"de_DE\" \/>\n<meta property=\"og:type\" content=\"article\" \/>\n<meta property=\"og:title\" content=\"Visualisierungen\" \/>\n<meta property=\"og:description\" content=\"Die Visualisierungen vermitteln einen realistischen Eindruck des zuk\u00fcnftigen Projekts \u2013 von moderner Architektur und gestalteten Gr\u00fcnfl\u00e4chen\" \/>\n<meta property=\"og:url\" content=\"https:\/\/atc-trade.com\/de\/vizualizacije\/\" \/>\n<meta property=\"og:site_name\" content=\"TorkretPLUS\" \/>\n<meta property=\"article:modified_time\" content=\"2025-12-01T18:46:48+00:00\" \/>\n<meta property=\"og:image\" content=\"https:\/\/atc-trade.com\/wp-content\/uploads\/2025\/10\/ATC-trade-prodaja-stanova-direktno-od-investitora-Valdebek.jpeg\" \/>\n<meta name=\"twitter:card\" content=\"summary_large_image\" \/>\n<meta name=\"twitter:label1\" content=\"Gesch\u00e4tzte Lesezeit\" \/>\n\t<meta name=\"twitter:data1\" content=\"5\u00a0Minuten\" \/>\n<script type=\"application\/ld+json\" class=\"yoast-schema-graph\">{\"@context\":\"https:\/\/schema.org\",\"@graph\":[{\"@type\":\"WebPage\",\"@id\":\"https:\/\/atc-trade.com\/de\/vizualizacije\/\",\"url\":\"https:\/\/atc-trade.com\/de\/vizualizacije\/\",\"name\":\"Visualisierungen - TorkretPLUS\",\"isPartOf\":{\"@id\":\"https:\/\/atc-trade.com\/de\/#website\"},\"primaryImageOfPage\":{\"@id\":\"https:\/\/atc-trade.com\/de\/vizualizacije\/#primaryimage\"},\"image\":{\"@id\":\"https:\/\/atc-trade.com\/de\/vizualizacije\/#primaryimage\"},\"thumbnailUrl\":\"https:\/\/atc-trade.com\/wp-content\/uploads\/2025\/10\/ATC-trade-prodaja-stanova-direktno-od-investitora-Valdebek.jpeg\",\"datePublished\":\"2024-03-30T07:39:23+00:00\",\"dateModified\":\"2025-12-01T18:46:48+00:00\",\"description\":\"Die Visualisierungen vermitteln einen realistischen Eindruck des zuk\u00fcnftigen Projekts \u2013 von moderner Architektur und gestalteten Gr\u00fcnfl\u00e4chen\",\"breadcrumb\":{\"@id\":\"https:\/\/atc-trade.com\/de\/vizualizacije\/#breadcrumb\"},\"inLanguage\":\"de\",\"potentialAction\":[{\"@type\":\"ReadAction\",\"target\":[\"https:\/\/atc-trade.com\/de\/vizualizacije\/\"]}]},{\"@type\":\"ImageObject\",\"inLanguage\":\"de\",\"@id\":\"https:\/\/atc-trade.com\/de\/vizualizacije\/#primaryimage\",\"url\":\"https:\/\/atc-trade.com\/wp-content\/uploads\/2025\/10\/ATC-trade-prodaja-stanova-direktno-od-investitora-Valdebek.jpeg\",\"contentUrl\":\"https:\/\/atc-trade.com\/wp-content\/uploads\/2025\/10\/ATC-trade-prodaja-stanova-direktno-od-investitora-Valdebek.jpeg\"},{\"@type\":\"BreadcrumbList\",\"@id\":\"https:\/\/atc-trade.com\/de\/vizualizacije\/#breadcrumb\",\"itemListElement\":[{\"@type\":\"ListItem\",\"position\":1,\"name\":\"Po\u010detna stranica\",\"item\":\"https:\/\/atc-trade.com\/de\/\"},{\"@type\":\"ListItem\",\"position\":2,\"name\":\"Visualisierungen\"}]},{\"@type\":\"WebSite\",\"@id\":\"https:\/\/atc-trade.com\/de\/#website\",\"url\":\"https:\/\/atc-trade.com\/de\/\",\"name\":\"ATC trade\",\"description\":\"Projekt Valdabek - prodaja stanova\",\"publisher\":{\"@id\":\"https:\/\/atc-trade.com\/de\/#organization\"},\"potentialAction\":[{\"@type\":\"SearchAction\",\"target\":{\"@type\":\"EntryPoint\",\"urlTemplate\":\"https:\/\/atc-trade.com\/de\/?s={search_term_string}\"},\"query-input\":{\"@type\":\"PropertyValueSpecification\",\"valueRequired\":true,\"valueName\":\"search_term_string\"}}],\"inLanguage\":\"de\"},{\"@type\":\"Organization\",\"@id\":\"https:\/\/atc-trade.com\/de\/#organization\",\"name\":\"ATC trade\",\"url\":\"https:\/\/atc-trade.com\/de\/\",\"logo\":{\"@type\":\"ImageObject\",\"inLanguage\":\"de\",\"@id\":\"https:\/\/atc-trade.com\/de\/#\/schema\/logo\/image\/\",\"url\":\"https:\/\/atc-trade.com\/wp-content\/uploads\/2025\/10\/Logo-bijeli-okvir.png\",\"contentUrl\":\"https:\/\/atc-trade.com\/wp-content\/uploads\/2025\/10\/Logo-bijeli-okvir.png\",\"width\":407,\"height\":153,\"caption\":\"ATC trade\"},\"image\":{\"@id\":\"https:\/\/atc-trade.com\/de\/#\/schema\/logo\/image\/\"}}]}<\/script>\n<!-- \/ Yoast SEO Premium plugin. -->","yoast_head_json":{"title":"Visualisierungen - TorkretPLUS","description":"Die Visualisierungen vermitteln einen realistischen Eindruck des zuk\u00fcnftigen Projekts \u2013 von moderner Architektur und gestalteten Gr\u00fcnfl\u00e4chen","robots":{"index":"index","follow":"follow","max-snippet":"max-snippet:-1","max-image-preview":"max-image-preview:large","max-video-preview":"max-video-preview:-1"},"canonical":"https:\/\/atc-trade.com\/de\/vizualizacije\/","og_locale":"de_DE","og_type":"article","og_title":"Visualisierungen","og_description":"Die Visualisierungen vermitteln einen realistischen Eindruck des zuk\u00fcnftigen Projekts \u2013 von moderner Architektur und gestalteten Gr\u00fcnfl\u00e4chen","og_url":"https:\/\/atc-trade.com\/de\/vizualizacije\/","og_site_name":"TorkretPLUS","article_modified_time":"2025-12-01T18:46:48+00:00","og_image":[{"url":"https:\/\/atc-trade.com\/wp-content\/uploads\/2025\/10\/ATC-trade-prodaja-stanova-direktno-od-investitora-Valdebek.jpeg","type":"","width":"","height":""}],"twitter_card":"summary_large_image","twitter_misc":{"Gesch\u00e4tzte Lesezeit":"5\u00a0Minuten"},"schema":{"@context":"https:\/\/schema.org","@graph":[{"@type":"WebPage","@id":"https:\/\/atc-trade.com\/de\/vizualizacije\/","url":"https:\/\/atc-trade.com\/de\/vizualizacije\/","name":"Visualisierungen - TorkretPLUS","isPartOf":{"@id":"https:\/\/atc-trade.com\/de\/#website"},"primaryImageOfPage":{"@id":"https:\/\/atc-trade.com\/de\/vizualizacije\/#primaryimage"},"image":{"@id":"https:\/\/atc-trade.com\/de\/vizualizacije\/#primaryimage"},"thumbnailUrl":"https:\/\/atc-trade.com\/wp-content\/uploads\/2025\/10\/ATC-trade-prodaja-stanova-direktno-od-investitora-Valdebek.jpeg","datePublished":"2024-03-30T07:39:23+00:00","dateModified":"2025-12-01T18:46:48+00:00","description":"Die Visualisierungen vermitteln einen realistischen Eindruck des zuk\u00fcnftigen Projekts \u2013 von moderner Architektur und gestalteten Gr\u00fcnfl\u00e4chen","breadcrumb":{"@id":"https:\/\/atc-trade.com\/de\/vizualizacije\/#breadcrumb"},"inLanguage":"de","potentialAction":[{"@type":"ReadAction","target":["https:\/\/atc-trade.com\/de\/vizualizacije\/"]}]},{"@type":"ImageObject","inLanguage":"de","@id":"https:\/\/atc-trade.com\/de\/vizualizacije\/#primaryimage","url":"https:\/\/atc-trade.com\/wp-content\/uploads\/2025\/10\/ATC-trade-prodaja-stanova-direktno-od-investitora-Valdebek.jpeg","contentUrl":"https:\/\/atc-trade.com\/wp-content\/uploads\/2025\/10\/ATC-trade-prodaja-stanova-direktno-od-investitora-Valdebek.jpeg"},{"@type":"BreadcrumbList","@id":"https:\/\/atc-trade.com\/de\/vizualizacije\/#breadcrumb","itemListElement":[{"@type":"ListItem","position":1,"name":"Po\u010detna stranica","item":"https:\/\/atc-trade.com\/de\/"},{"@type":"ListItem","position":2,"name":"Visualisierungen"}]},{"@type":"WebSite","@id":"https:\/\/atc-trade.com\/de\/#website","url":"https:\/\/atc-trade.com\/de\/","name":"ATC trade","description":"Projekt Valdabek - prodaja stanova","publisher":{"@id":"https:\/\/atc-trade.com\/de\/#organization"},"potentialAction":[{"@type":"SearchAction","target":{"@type":"EntryPoint","urlTemplate":"https:\/\/atc-trade.com\/de\/?s={search_term_string}"},"query-input":{"@type":"PropertyValueSpecification","valueRequired":true,"valueName":"search_term_string"}}],"inLanguage":"de"},{"@type":"Organization","@id":"https:\/\/atc-trade.com\/de\/#organization","name":"ATC trade","url":"https:\/\/atc-trade.com\/de\/","logo":{"@type":"ImageObject","inLanguage":"de","@id":"https:\/\/atc-trade.com\/de\/#\/schema\/logo\/image\/","url":"https:\/\/atc-trade.com\/wp-content\/uploads\/2025\/10\/Logo-bijeli-okvir.png","contentUrl":"https:\/\/atc-trade.com\/wp-content\/uploads\/2025\/10\/Logo-bijeli-okvir.png","width":407,"height":153,"caption":"ATC trade"},"image":{"@id":"https:\/\/atc-trade.com\/de\/#\/schema\/logo\/image\/"}}]}},"_links":{"self":[{"href":"https:\/\/atc-trade.com\/de\/wp-json\/wp\/v2\/pages\/12229","targetHints":{"allow":["GET"]}}],"collection":[{"href":"https:\/\/atc-trade.com\/de\/wp-json\/wp\/v2\/pages"}],"about":[{"href":"https:\/\/atc-trade.com\/de\/wp-json\/wp\/v2\/types\/page"}],"author":[{"embeddable":true,"href":"https:\/\/atc-trade.com\/de\/wp-json\/wp\/v2\/users\/2"}],"replies":[{"embeddable":true,"href":"https:\/\/atc-trade.com\/de\/wp-json\/wp\/v2\/comments?post=12229"}],"version-history":[{"count":10,"href":"https:\/\/atc-trade.com\/de\/wp-json\/wp\/v2\/pages\/12229\/revisions"}],"predecessor-version":[{"id":13493,"href":"https:\/\/atc-trade.com\/de\/wp-json\/wp\/v2\/pages\/12229\/revisions\/13493"}],"wp:attachment":[{"href":"https:\/\/atc-trade.com\/de\/wp-json\/wp\/v2\/media?parent=12229"}],"curies":[{"name":"wp","href":"https:\/\/api.w.org\/{rel}","templated":true}]}}