{"id":12206,"date":"2024-03-05T06:38:30","date_gmt":"2024-03-05T06:38:30","guid":{"rendered":"https:\/\/atc-trade.com\/tlocrt-i-stanovi\/"},"modified":"2025-12-04T09:07:53","modified_gmt":"2025-12-04T09:07:53","slug":"tlocrt-i-stanovi","status":"publish","type":"page","link":"https:\/\/atc-trade.com\/de\/tlocrt-i-stanovi\/","title":{"rendered":"Grundriss und Wohnungen"},"content":{"rendered":"\t\t<div data-elementor-type=\"wp-page\" data-elementor-id=\"12206\" class=\"elementor elementor-12206 elementor-521\">\n\t\t\t\t<div class=\"elementor-element elementor-element-919cd9b e-con-full e-flex e-con e-parent\" data-id=\"919cd9b\" data-element_type=\"container\">\n\t\t\t\t<div class=\"elementor-element elementor-element-65a8fd9 elementor-widget elementor-widget-html\" data-id=\"65a8fd9\" data-element_type=\"widget\" data-settings=\"{&quot;wdt_animation_effect&quot;:&quot;none&quot;}\" data-widget_type=\"html.default\">\n\t\t\t\t\t<div id=\"zgradeWrapper\" style=\"position:relative;width:100vw;margin-left:calc(50% - 50vw);overflow:hidden;background:#000;\">\n\n  <div id=\"zgradeHover\" style=\"\n    position:absolute;\n    inset:0;\n    background-size:cover;\n    background-position:center;\n    opacity:0;\n    transition:opacity .18s ease;\n    z-index:2;\">\n  <\/div>\n\n  <div id=\"zgradeBase\" style=\"\n    background-image:url('https:\/\/atc-trade.com\/wp-content\/uploads\/2025\/12\/Gebaude7.jpg');\n    background-size:cover;\n    background-position:center;\n    width:100%;\n    padding-top:52.18%;\">\n  <\/div>\n\n  <svg class=\"zgrade-map\" viewBox=\"0 0 1920 1002\" preserveAspectRatio=\"none\"\n       style=\"position:absolute;inset:0;width:100%;height:100%;z-index:3;\">\n\n    <rect x=\"250\" y=\"0\" width=\"350\" height=\"1002\"\n      data-img=\"https:\/\/atc-trade.com\/wp-content\/uploads\/2025\/12\/Gebaude7.jpg\"\n      data-link=\"https:\/\/atc-trade.com\/de\/valdebek-zgrada-7\" \/>\n\n    <rect x=\"500\" y=\"0\" width=\"350\" height=\"1002\"\n      data-img=\"https:\/\/atc-trade.com\/wp-content\/uploads\/2025\/12\/Gebaude8.jpg\"\n      data-link=\"https:\/\/atc-trade.com\/de\/valdebek-zgrada-8\" \/>\n\n    <rect x=\"800\" y=\"0\" width=\"350\" height=\"1002\"\n      data-img=\"https:\/\/atc-trade.com\/wp-content\/uploads\/2025\/12\/Gebaude9.jpg\"\n      data-link=\"https:\/\/atc-trade.com\/de\/valdebek-zgrada-9\" \/>\n\n    <rect x=\"1100\" y=\"0\" width=\"350\" height=\"1002\"\n      data-img=\"https:\/\/atc-trade.com\/wp-content\/uploads\/2025\/12\/Gebaude10.jpg\"\n      data-link=\"https:\/\/atc-trade.com\/de\/valdebek-zgrada-10\" \/>\n\n    <rect x=\"1400\" y=\"0\" width=\"520\" height=\"1002\"\n      data-img=\"https:\/\/atc-trade.com\/wp-content\/uploads\/2025\/12\/Gebaude11.jpg\"\n      data-link=\"https:\/\/atc-trade.com\/de\/valdebek-zgrada-11\" \/>\n\n  <\/svg>\n<\/div>\n\n<script>\ndocument.addEventListener(\"DOMContentLoaded\", function () {\n\n  const base  = document.getElementById(\"zgradeBase\");\n  const hover = document.getElementById(\"zgradeHover\");\n  const zones = document.querySelectorAll(\".zgrade-map rect\");\n\n  let defaultBg = base.style.backgroundImage;\n\n  zones.forEach(zone => {\n\n    zone.addEventListener(\"mouseenter\", function () {\n      const img = this.getAttribute(\"data-img\");\n      if (!img) return;\n      hover.style.backgroundImage = `url('${img}')`;\n      hover.style.opacity = \"1\";\n    });\n\n    zone.addEventListener(\"mouseleave\", function () {\n      hover.style.opacity = \"0\";\n    });\n\n    zone.addEventListener(\"click\", function () {\n      const link = this.getAttribute(\"data-link\");\n      if (link) window.location.href = link;\n    });\n\n  });\n\n});\n<\/script>\n\t\t\t\t<\/div>\n\t\t\t\t<\/div>\n\t\t\t\t<\/div>\n\t\t","protected":false},"excerpt":{"rendered":"","protected":false},"author":2,"featured_media":0,"parent":0,"menu_order":0,"comment_status":"closed","ping_status":"closed","template":"elementor_header_footer","meta":{"footnotes":""},"class_list":["post-12206","page","type-page","status-publish","hentry"],"yoast_head":"<!-- This site is optimized with the Yoast SEO Premium plugin v26.0 (Yoast SEO v26.0) - https:\/\/yoast.com\/wordpress\/plugins\/seo\/ -->\n<title>Grundriss und Wohnungen - TorkretPLUS<\/title>\n<meta name=\"description\" content=\"Grundriss und Wohnungen,unser Wohnungsangebot in Valdebek umfasst f\u00fcnf Wohngeb\u00e4ude: Geb\u00e4ude 7, Geb\u00e4ude 8, Geb\u00e4ude 9, Geb\u00e4ude 10 und Geb\u00e4ude 11.\" \/>\n<meta name=\"robots\" content=\"index, follow, max-snippet:-1, max-image-preview:large, max-video-preview:-1\" \/>\n<link rel=\"canonical\" href=\"https:\/\/atc-trade.com\/de\/tlocrt-i-stanovi\/\" \/>\n<meta property=\"og:locale\" content=\"de_DE\" \/>\n<meta property=\"og:type\" content=\"article\" \/>\n<meta property=\"og:title\" content=\"Grundriss und Wohnungen\" \/>\n<meta property=\"og:description\" content=\"Grundriss und Wohnungen,unser Wohnungsangebot in Valdebek umfasst f\u00fcnf Wohngeb\u00e4ude: Geb\u00e4ude 7, Geb\u00e4ude 8, Geb\u00e4ude 9, Geb\u00e4ude 10 und Geb\u00e4ude 11.\" \/>\n<meta property=\"og:url\" content=\"https:\/\/atc-trade.com\/de\/tlocrt-i-stanovi\/\" \/>\n<meta property=\"og:site_name\" content=\"TorkretPLUS\" \/>\n<meta property=\"article:modified_time\" content=\"2025-12-04T09:07:53+00:00\" \/>\n<meta name=\"twitter:card\" content=\"summary_large_image\" \/>\n<meta name=\"twitter:label1\" content=\"Gesch\u00e4tzte Lesezeit\" \/>\n\t<meta name=\"twitter:data1\" content=\"1\u00a0Minute\" \/>\n<script type=\"application\/ld+json\" class=\"yoast-schema-graph\">{\"@context\":\"https:\/\/schema.org\",\"@graph\":[{\"@type\":\"WebPage\",\"@id\":\"https:\/\/atc-trade.com\/de\/tlocrt-i-stanovi\/\",\"url\":\"https:\/\/atc-trade.com\/de\/tlocrt-i-stanovi\/\",\"name\":\"Grundriss und Wohnungen - TorkretPLUS\",\"isPartOf\":{\"@id\":\"https:\/\/atc-trade.com\/de\/#website\"},\"datePublished\":\"2024-03-05T06:38:30+00:00\",\"dateModified\":\"2025-12-04T09:07:53+00:00\",\"description\":\"Grundriss und Wohnungen,unser Wohnungsangebot in Valdebek umfasst f\u00fcnf Wohngeb\u00e4ude: Geb\u00e4ude 7, Geb\u00e4ude 8, Geb\u00e4ude 9, Geb\u00e4ude 10 und Geb\u00e4ude 11.\",\"breadcrumb\":{\"@id\":\"https:\/\/atc-trade.com\/de\/tlocrt-i-stanovi\/#breadcrumb\"},\"inLanguage\":\"de\",\"potentialAction\":[{\"@type\":\"ReadAction\",\"target\":[\"https:\/\/atc-trade.com\/de\/tlocrt-i-stanovi\/\"]}]},{\"@type\":\"BreadcrumbList\",\"@id\":\"https:\/\/atc-trade.com\/de\/tlocrt-i-stanovi\/#breadcrumb\",\"itemListElement\":[{\"@type\":\"ListItem\",\"position\":1,\"name\":\"Po\u010detna stranica\",\"item\":\"https:\/\/atc-trade.com\/de\/\"},{\"@type\":\"ListItem\",\"position\":2,\"name\":\"Grundriss und Wohnungen\"}]},{\"@type\":\"WebSite\",\"@id\":\"https:\/\/atc-trade.com\/de\/#website\",\"url\":\"https:\/\/atc-trade.com\/de\/\",\"name\":\"ATC trade\",\"description\":\"Projekt Valdabek - prodaja stanova\",\"publisher\":{\"@id\":\"https:\/\/atc-trade.com\/de\/#organization\"},\"potentialAction\":[{\"@type\":\"SearchAction\",\"target\":{\"@type\":\"EntryPoint\",\"urlTemplate\":\"https:\/\/atc-trade.com\/de\/?s={search_term_string}\"},\"query-input\":{\"@type\":\"PropertyValueSpecification\",\"valueRequired\":true,\"valueName\":\"search_term_string\"}}],\"inLanguage\":\"de\"},{\"@type\":\"Organization\",\"@id\":\"https:\/\/atc-trade.com\/de\/#organization\",\"name\":\"ATC trade\",\"url\":\"https:\/\/atc-trade.com\/de\/\",\"logo\":{\"@type\":\"ImageObject\",\"inLanguage\":\"de\",\"@id\":\"https:\/\/atc-trade.com\/de\/#\/schema\/logo\/image\/\",\"url\":\"https:\/\/atc-trade.com\/wp-content\/uploads\/2025\/10\/Logo-bijeli-okvir.png\",\"contentUrl\":\"https:\/\/atc-trade.com\/wp-content\/uploads\/2025\/10\/Logo-bijeli-okvir.png\",\"width\":407,\"height\":153,\"caption\":\"ATC trade\"},\"image\":{\"@id\":\"https:\/\/atc-trade.com\/de\/#\/schema\/logo\/image\/\"}}]}<\/script>\n<!-- \/ Yoast SEO Premium plugin. -->","yoast_head_json":{"title":"Grundriss und Wohnungen - TorkretPLUS","description":"Grundriss und Wohnungen,unser Wohnungsangebot in Valdebek umfasst f\u00fcnf Wohngeb\u00e4ude: Geb\u00e4ude 7, Geb\u00e4ude 8, Geb\u00e4ude 9, Geb\u00e4ude 10 und Geb\u00e4ude 11.","robots":{"index":"index","follow":"follow","max-snippet":"max-snippet:-1","max-image-preview":"max-image-preview:large","max-video-preview":"max-video-preview:-1"},"canonical":"https:\/\/atc-trade.com\/de\/tlocrt-i-stanovi\/","og_locale":"de_DE","og_type":"article","og_title":"Grundriss und Wohnungen","og_description":"Grundriss und Wohnungen,unser Wohnungsangebot in Valdebek umfasst f\u00fcnf Wohngeb\u00e4ude: Geb\u00e4ude 7, Geb\u00e4ude 8, Geb\u00e4ude 9, Geb\u00e4ude 10 und Geb\u00e4ude 11.","og_url":"https:\/\/atc-trade.com\/de\/tlocrt-i-stanovi\/","og_site_name":"TorkretPLUS","article_modified_time":"2025-12-04T09:07:53+00:00","twitter_card":"summary_large_image","twitter_misc":{"Gesch\u00e4tzte Lesezeit":"1\u00a0Minute"},"schema":{"@context":"https:\/\/schema.org","@graph":[{"@type":"WebPage","@id":"https:\/\/atc-trade.com\/de\/tlocrt-i-stanovi\/","url":"https:\/\/atc-trade.com\/de\/tlocrt-i-stanovi\/","name":"Grundriss und Wohnungen - TorkretPLUS","isPartOf":{"@id":"https:\/\/atc-trade.com\/de\/#website"},"datePublished":"2024-03-05T06:38:30+00:00","dateModified":"2025-12-04T09:07:53+00:00","description":"Grundriss und Wohnungen,unser Wohnungsangebot in Valdebek umfasst f\u00fcnf Wohngeb\u00e4ude: Geb\u00e4ude 7, Geb\u00e4ude 8, Geb\u00e4ude 9, Geb\u00e4ude 10 und Geb\u00e4ude 11.","breadcrumb":{"@id":"https:\/\/atc-trade.com\/de\/tlocrt-i-stanovi\/#breadcrumb"},"inLanguage":"de","potentialAction":[{"@type":"ReadAction","target":["https:\/\/atc-trade.com\/de\/tlocrt-i-stanovi\/"]}]},{"@type":"BreadcrumbList","@id":"https:\/\/atc-trade.com\/de\/tlocrt-i-stanovi\/#breadcrumb","itemListElement":[{"@type":"ListItem","position":1,"name":"Po\u010detna stranica","item":"https:\/\/atc-trade.com\/de\/"},{"@type":"ListItem","position":2,"name":"Grundriss und Wohnungen"}]},{"@type":"WebSite","@id":"https:\/\/atc-trade.com\/de\/#website","url":"https:\/\/atc-trade.com\/de\/","name":"ATC trade","description":"Projekt Valdabek - prodaja stanova","publisher":{"@id":"https:\/\/atc-trade.com\/de\/#organization"},"potentialAction":[{"@type":"SearchAction","target":{"@type":"EntryPoint","urlTemplate":"https:\/\/atc-trade.com\/de\/?s={search_term_string}"},"query-input":{"@type":"PropertyValueSpecification","valueRequired":true,"valueName":"search_term_string"}}],"inLanguage":"de"},{"@type":"Organization","@id":"https:\/\/atc-trade.com\/de\/#organization","name":"ATC trade","url":"https:\/\/atc-trade.com\/de\/","logo":{"@type":"ImageObject","inLanguage":"de","@id":"https:\/\/atc-trade.com\/de\/#\/schema\/logo\/image\/","url":"https:\/\/atc-trade.com\/wp-content\/uploads\/2025\/10\/Logo-bijeli-okvir.png","contentUrl":"https:\/\/atc-trade.com\/wp-content\/uploads\/2025\/10\/Logo-bijeli-okvir.png","width":407,"height":153,"caption":"ATC trade"},"image":{"@id":"https:\/\/atc-trade.com\/de\/#\/schema\/logo\/image\/"}}]}},"_links":{"self":[{"href":"https:\/\/atc-trade.com\/de\/wp-json\/wp\/v2\/pages\/12206","targetHints":{"allow":["GET"]}}],"collection":[{"href":"https:\/\/atc-trade.com\/de\/wp-json\/wp\/v2\/pages"}],"about":[{"href":"https:\/\/atc-trade.com\/de\/wp-json\/wp\/v2\/types\/page"}],"author":[{"embeddable":true,"href":"https:\/\/atc-trade.com\/de\/wp-json\/wp\/v2\/users\/2"}],"replies":[{"embeddable":true,"href":"https:\/\/atc-trade.com\/de\/wp-json\/wp\/v2\/comments?post=12206"}],"version-history":[{"count":14,"href":"https:\/\/atc-trade.com\/de\/wp-json\/wp\/v2\/pages\/12206\/revisions"}],"predecessor-version":[{"id":13782,"href":"https:\/\/atc-trade.com\/de\/wp-json\/wp\/v2\/pages\/12206\/revisions\/13782"}],"wp:attachment":[{"href":"https:\/\/atc-trade.com\/de\/wp-json\/wp\/v2\/media?parent=12206"}],"curies":[{"name":"wp","href":"https:\/\/api.w.org\/{rel}","templated":true}]}}